{"id":341,"date":"2018-06-08T09:29:12","date_gmt":"2018-06-08T09:29:12","guid":{"rendered":"http:\/\/esti-media.de\/?page_id=341"},"modified":"2021-02-28T18:45:50","modified_gmt":"2021-02-28T18:45:50","slug":"datenschutzerklaerung","status":"publish","type":"page","link":"https:\/\/esti-media.de\/?page_id=341","title":{"rendered":"DSGVO"},"content":{"rendered":"<p>Kontaktaufnahme<br \/>\nBei der Kontaktaufnahme mit uns (z.B. per Kontaktformular, E-Mail, Telefon oder via sozialer Medien) werden die Angaben des Nutzers zur Bearbeitung der Kontaktanfrage und deren Abwicklung gem. Art. 6 Abs. 1 lit. b) DSGVO verarbeitet. Die Angaben der Nutzer k\u00f6nnen in einem Customer-Relationship-Management System (\u201eCRM System\u201c) oder vergleichbarer Anfragenorganisation gespeichert werden.<\/p>\n<p>Wir l\u00f6schen die Anfragen, sofern diese nicht mehr erforderlich sind. Wir \u00fcberpr\u00fcfen die Erforderlichkeit alle zwei Jahre; Ferner gelten die gesetzlichen Archivierungspflichten.<\/p>\n<p><a href=\"https:\/\/datenschutz-generator.de\">Erstellt mit Datenschutz-Generator.de von RA Dr Thomas Schwenke<\/a><\/p>\n<p>Hosting und E-Mail-Versand<br \/>\nDie von uns in Anspruch genommenen Hosting-Leistungen dienen der Zurverf\u00fcgungstellung der folgenden Leistungen: Infrastruktur- und Plattformdienstleistungen, Rechenkapazit\u00e4t, Speicherplatz und Datenbankdienste, E-Mail-Versand, Sicherheitsleistungen sowie technische Wartungsleistungen, die wir zum Zwecke des Betriebs dieses Onlineangebotes einsetzen.<\/p>\n<p>Hierbei verarbeiten wir, bzw. unser Hostinganbieter Bestandsdaten, Kontaktdaten, Inhaltsdaten, Vertragsdaten, Nutzungsdaten, Meta- und Kommunikationsdaten von Kunden, Interessenten und Besuchern dieses Onlineangebotes auf Grundlage unserer berechtigten Interessen an einer effizienten und sicheren Zurverf\u00fcgungstellung dieses Onlineangebotes gem. Art. 6 Abs. 1 lit. f DSGVO i.V.m. Art. 28 DSGVO (Abschluss Auftragsverarbeitungsvertrag).<\/p>\n<p><a href=\"https:\/\/datenschutz-generator.de\">Erstellt mit Datenschutz-Generator.de von RA Dr Thomas Schwenke<\/a><\/p>\n<p>Onlinepr\u00e4senzen in sozialen Medien<br \/>\nWir unterhalten Onlinepr\u00e4senzen innerhalb sozialer Netzwerke und Plattformen, um mit den dort aktiven Kunden, Interessenten und Nutzern kommunizieren und sie dort \u00fcber unsere Leistungen informieren zu k\u00f6nnen. Beim Aufruf der jeweiligen Netzwerke und Plattformen gelten die Gesch\u00e4ftsbedingungen und die Datenverarbeitungsrichtlinien deren jeweiligen Betreiber.<\/p>\n<p>Soweit nicht anders im Rahmen unserer Datenschutzerkl\u00e4rung angegeben, verarbeiten wir die Daten der Nutzer sofern diese mit uns innerhalb der sozialen Netzwerke und Plattformen kommunizieren, z.B. Beitr\u00e4ge auf unseren Onlinepr\u00e4senzen verfassen oder uns Nachrichten zusenden.<\/p>\n<p><a href=\"https:\/\/datenschutz-generator.de\">Erstellt mit Datenschutz-Generator.de von RA Dr Thomas Schwenke<\/a><\/p>\n<p>Google Fonts<br \/>\nWir binden die Schriftarten (\u201eGoogle Fonts\u201c) des Anbieters Google LLC, 1600 Amphitheatre Parkway, Mountain View, CA 94043, USA, ein. Datenschutzerkl\u00e4rung: https:\/\/www.google.com\/policies\/privacy\/, Opt-Out: https:\/\/adssettings.google.com\/authenticated.<\/p>\n<p><a href=\"https:\/\/datenschutz-generator.de\">Erstellt mit Datenschutz-Generator.de von RA Dr Thomas Schwenke<\/a><\/p>\n<p>Google Maps<br \/>\nWir binden die Landkarten des Dienstes \u201cGoogle Maps\u201d des Anbieters Google LLC, 1600 Amphitheatre Parkway, Mountain View, CA 94043, USA, ein. Zu den verarbeiteten Daten k\u00f6nnen insbesondere IP-Adressen und Standortdaten der Nutzer geh\u00f6ren, die jedoch nicht ohne deren Einwilligung (im Regelfall im Rahmen der Einstellungen ihrer Mobilger\u00e4te vollzogen), erhoben werden. Die Daten k\u00f6nnen in den USA verarbeitet werden. Datenschutzerkl\u00e4rung: https:\/\/www.google.com\/policies\/privacy\/, Opt-Out: https:\/\/adssettings.google.com\/authenticated.<\/p>\n<p><a href=\"https:\/\/datenschutz-generator.de\">Erstellt mit Datenschutz-Generator.de von RA Dr Thomas Schwenke<\/a><\/p>\n<p>Verwendung von Facebook Social Plugins<br \/>\nWir nutzen auf Grundlage unserer berechtigten Interessen (d.h. Interesse an der Analyse, Optimierung und wirtschaftlichem Betrieb unseres Onlineangebotes im Sinne des Art. 6 Abs. 1 lit. f. DSGVO) Social Plugins (\u201ePlugins\u201c) des sozialen Netzwerkes facebook.com, welches von der Facebook Ireland Ltd., 4 Grand Canal Square, Grand Canal Harbour, Dublin 2, Irland betrieben wird (\u201eFacebook\u201c). Die Plugins k\u00f6nnen Interaktionselemente oder Inhalte (z.B. Videos, Grafiken oder Textbeitr\u00e4ge) darstellen und sind an einem der Facebook Logos erkennbar (wei\u00dfes \u201ef\u201c auf blauer Kachel, den Begriffen \u201eLike\u201c, \u201eGef\u00e4llt mir\u201c oder einem \u201eDaumen hoch\u201c-Zeichen) oder sind mit dem Zusatz \u201eFacebook Social Plugin\u201c gekennzeichnet. Die Liste und das Aussehen der Facebook Social Plugins kann hier eingesehen werden: https:\/\/developers.facebook.com\/docs\/plugins\/.<\/p>\n<p>Facebook ist unter dem Privacy-Shield-Abkommen zertifiziert und bietet hierdurch eine Garantie, das europ\u00e4ische Datenschutzrecht einzuhalten (https:\/\/www.privacyshield.gov\/participant?id=a2zt0000000GnywAAC&amp;status=Active).<\/p>\n<p>Wenn ein Nutzer eine Funktion dieses Onlineangebotes aufruft, die ein solches Plugin enth\u00e4lt, baut sein Ger\u00e4t eine direkte Verbindung mit den Servern von Facebook auf. Der Inhalt des Plugins wird von Facebook direkt an das Ger\u00e4t des Nutzers \u00fcbermittelt und von diesem in das Onlineangebot eingebunden. Dabei k\u00f6nnen aus den verarbeiteten Daten Nutzungsprofile der Nutzer erstellt werden. Wir haben daher keinen Einfluss auf den Umfang der Daten, die Facebook mit Hilfe dieses Plugins erhebt und informiert die Nutzer daher entsprechend unserem Kenntnisstand.<\/p>\n<p>Durch die Einbindung der Plugins erh\u00e4lt Facebook die Information, dass ein Nutzer die entsprechende Seite des Onlineangebotes aufgerufen hat. Ist der Nutzer bei Facebook eingeloggt, kann Facebook den Besuch seinem Facebook-Konto zuordnen. Wenn Nutzer mit den Plugins interagieren, zum Beispiel den Like Button bet\u00e4tigen oder einen Kommentar abgeben, wird die entsprechende Information von Ihrem Ger\u00e4t direkt an Facebook \u00fcbermittelt und dort gespeichert. Falls ein Nutzer kein Mitglied von Facebook ist, besteht trotzdem die M\u00f6glichkeit, dass Facebook seine IP-Adresse in Erfahrung bringt und speichert. Laut Facebook wird in Deutschland nur eine anonymisierte IP-Adresse gespeichert.<\/p>\n<p>Zweck und Umfang der Datenerhebung und die weitere Verarbeitung und Nutzung der Daten durch Facebook sowie die diesbez\u00fcglichen Rechte und Einstellungsm\u00f6glichkeiten zum Schutz der Privatsph\u00e4re der Nutzer, k\u00f6nnen diese den Datenschutzhinweisen von Facebook entnehmen: https:\/\/www.facebook.com\/about\/privacy\/.<\/p>\n<p>Wenn ein Nutzer Facebookmitglied ist und nicht m\u00f6chte, dass Facebook \u00fcber dieses Onlineangebot Daten \u00fcber ihn sammelt und mit seinen bei Facebook gespeicherten Mitgliedsdaten verkn\u00fcpft, muss er sich vor der Nutzung unseres Onlineangebotes bei Facebook ausloggen und seine Cookies l\u00f6schen. Weitere Einstellungen und Widerspr\u00fcche zur Nutzung von Daten f\u00fcr Werbezwecke, sind innerhalb der Facebook-Profileinstellungen m\u00f6glich: https:\/\/www.facebook.com\/settings?tab=ads oder \u00fcber die US-amerikanische Seite http:\/\/www.aboutads.info\/choices\/ oder die EU-Seite http:\/\/www.youronlinechoices.com\/. Die Einstellungen erfolgen plattformunabh\u00e4ngig, d.h. sie werden f\u00fcr alle Ger\u00e4te, wie Desktopcomputer oder mobile Ger\u00e4te \u00fcbernommen.<\/p>\n<p><a href=\"https:\/\/datenschutz-generator.de\">Erstellt mit Datenschutz-Generator.de von RA Dr Thomas Schwenke<\/a><\/p>\n","protected":false},"excerpt":{"rendered":"<p>Kontaktaufnahme Bei der Kontaktaufnahme mit uns (z.B. per Kontaktformular, E-Mail, Telefon oder via sozialer Medien) werden die Angaben des Nutzers zur Bearbeitung der Kontaktanfrage und deren Abwicklung gem&#8230;.<\/p>\n","protected":false},"author":1,"featured_media":0,"parent":0,"menu_order":0,"comment_status":"closed","ping_status":"closed","template":"","meta":{"footnotes":""},"class_list":["post-341","page","type-page","status-publish","hentry"],"_links":{"self":[{"href":"https:\/\/esti-media.de\/index.php?rest_route=\/wp\/v2\/pages\/341","targetHints":{"allow":["GET"]}}],"collection":[{"href":"https:\/\/esti-media.de\/index.php?rest_route=\/wp\/v2\/pages"}],"about":[{"href":"https:\/\/esti-media.de\/index.php?rest_route=\/wp\/v2\/types\/page"}],"author":[{"embeddable":true,"href":"https:\/\/esti-media.de\/index.php?rest_route=\/wp\/v2\/users\/1"}],"replies":[{"embeddable":true,"href":"https:\/\/esti-media.de\/index.php?rest_route=%2Fwp%2Fv2%2Fcomments&post=341"}],"version-history":[{"count":4,"href":"https:\/\/esti-media.de\/index.php?rest_route=\/wp\/v2\/pages\/341\/revisions"}],"predecessor-version":[{"id":363,"href":"https:\/\/esti-media.de\/index.php?rest_route=\/wp\/v2\/pages\/341\/revisions\/363"}],"wp:attachment":[{"href":"https:\/\/esti-media.de\/index.php?rest_route=%2Fwp%2Fv2%2Fmedia&parent=341"}],"curies":[{"name":"wp","href":"https:\/\/api.w.org\/{rel}","templated":true}]}}